{"id":633,"date":"2017-01-05T14:01:12","date_gmt":"2017-01-05T13:01:12","guid":{"rendered":"http:\/\/masai-gym.com\/?page_id=633"},"modified":"2021-08-31T10:20:50","modified_gmt":"2021-08-31T08:20:50","slug":"ueber-uns","status":"publish","type":"page","link":"https:\/\/masai-gym.com\/index.php\/ueber-uns\/","title":{"rendered":"\u00dcber uns"},"content":{"rendered":"<p><span style=\"color: #c61617;\"><strong>Wir freuen uns auf deinen Besuch und hei\u00dfen Dich herzlich willkommen auf unserer Website.<\/strong><\/span><\/p>\n<p>Wer den Unterschied sucht, ist im Masai-Gym Wiesbaden genau richtig, denn hier findet jeder seinen Sport. Wir bieten unterschiedliche sportliche Aktivit\u00e4ten f\u00fcr jung und alt an.<br \/>\nMit 3 Trainingsfl\u00e4chen auf Insgesamt 400 Quadratmetern bieten wir verschiedene M\u00f6glichkeiten f\u00fcr Kampfsport-, Ausdauer-, Konditions- und Fitnesstraining an. Unser gutbest\u00fcckter Fitnessbereich mit Laufb\u00e4ndern, Fahrr\u00e4dern sowie reichlich Fitnessger\u00e4ten bietet viel Raum f\u00fcr Fitness- und Muskeltraining. Unserer ausgebildeter Trainerstab, allersamt mehrfache Dantr\u00e4ger und erfahrene Wettk\u00e4mpfer geben gerne ihr Wissen und ihre Erfahrungen u. a. in Taekwon Do, Kick-Boxen \/ K-1, professionelles Boxfitness, Jun Fan Gung Fu, Jeet Kune Do, Selbstverteidigung, Kraft-Ausdauertraining, und Fitness an unsere Mitglieder weiter.<\/p>\n<p>Mit dem im Masai-Gym integrierten Self Defense Institute (SDI), welches das Thema Selbstverteidigung behandelt, haben wir uns der aktuellen Situation angenommen und bereiten speziell M\u00e4dchen und Frauen auf brenzlige Situationen im Alltag vor. Da Selbstverteidigung allerdings nicht nur ein Thema f\u00fcr M\u00e4dchen und Frauen ist, lernen alle unsere Mitglieder die an die von uns angebotenen Sportarten teilnehmen sich zu verteidigen. Unser Ziel ist es, das jeder der sich bei uns auf diese Kampfk\u00fcnste einl\u00e4sst, dahin zu f\u00fchren das er k\u00e4mpfen (d. h. sich verteidigen) kann aber es durch die erworbene Selbstsicherheit und k\u00f6rperliche F\u00e4higkeit nicht muss!<\/p>\n<p>Getrennte Saunabereiche f\u00fcr Damen und Herren laden nach einem ausgiebigem und anstregendem Training zur Entspannung ein.<\/p>\n<p>Parkpl\u00e4tze stehen den Mitgliedern auf unserem Grundst\u00fcck ausreichend und kostenlos zur Verf\u00fcgung.<\/p>\n<p>Wir laden Dich ein eine Woche lang alle unsere Angebote kostenlos zu testen.<br \/>\nSchau unverbindlich rein und \u00fcberzeuge Dich selbst von unserer Arbeit!<\/p>\n<p>Mit sportlichen Gr\u00fcssen<\/p>\n<p>Euer Masai-Gym Wiesbaden<\/p>\n","protected":false},"excerpt":{"rendered":"<p>Wir freuen uns auf deinen Besuch und hei\u00dfen Dich herzlich willkommen auf unserer Website. Wer den Unterschied sucht, ist im Masai-Gym Wiesbaden genau richtig, denn hier findet jeder seinen Sport. Wir bieten unterschiedliche sportliche Aktivit\u00e4ten f\u00fcr jung und alt an. Mit 3 Trainingsfl\u00e4chen auf Insgesamt 400 Quadratmetern bieten wir verschiedene M\u00f6glichkeiten f\u00fcr Kampfsport-, Ausdauer-, Konditions-&hellip;<\/p>\n","protected":false},"author":1,"featured_media":0,"parent":0,"menu_order":0,"comment_status":"closed","ping_status":"closed","template":"","meta":[],"_links":{"self":[{"href":"https:\/\/masai-gym.com\/index.php\/wp-json\/wp\/v2\/pages\/633"}],"collection":[{"href":"https:\/\/masai-gym.com\/index.php\/wp-json\/wp\/v2\/pages"}],"about":[{"href":"https:\/\/masai-gym.com\/index.php\/wp-json\/wp\/v2\/types\/page"}],"author":[{"embeddable":true,"href":"https:\/\/masai-gym.com\/index.php\/wp-json\/wp\/v2\/users\/1"}],"replies":[{"embeddable":true,"href":"https:\/\/masai-gym.com\/index.php\/wp-json\/wp\/v2\/comments?post=633"}],"version-history":[{"count":17,"href":"https:\/\/masai-gym.com\/index.php\/wp-json\/wp\/v2\/pages\/633\/revisions"}],"predecessor-version":[{"id":886,"href":"https:\/\/masai-gym.com\/index.php\/wp-json\/wp\/v2\/pages\/633\/revisions\/886"}],"wp:attachment":[{"href":"https:\/\/masai-gym.com\/index.php\/wp-json\/wp\/v2\/media?parent=633"}],"curies":[{"name":"wp","href":"https:\/\/api.w.org\/{rel}","templated":true}]}}