{"id":854,"date":"2021-08-18T14:42:09","date_gmt":"2021-08-18T12:42:09","guid":{"rendered":"https:\/\/masai-gym.com\/?page_id=854"},"modified":"2021-08-18T14:42:09","modified_gmt":"2021-08-18T12:42:09","slug":"jeet-kune-do","status":"publish","type":"page","link":"https:\/\/masai-gym.com\/index.php\/jeet-kune-do\/","title":{"rendered":"Jeet Kune Do"},"content":{"rendered":"<ul class=\"cro_col_4 teamer\"><li class=\"cro_teamli clearfix \"><div class=\"imgouter imgteamshort cro_eqheight\"><a href=\"https:\/\/masai-gym.com\/index.php\/members\/bill-seng\/\" class=\"teama\"><img width=\"400\" height=\"400\" src=\"https:\/\/masai-gym.com\/wp-content\/uploads\/2017\/01\/bill-400x400.jpg\" class=\"attachment-team size-team wp-post-image\" alt=\"\" loading=\"lazy\" srcset=\"https:\/\/masai-gym.com\/wp-content\/uploads\/2017\/01\/bill-400x400.jpg 400w, https:\/\/masai-gym.com\/wp-content\/uploads\/2017\/01\/bill-150x150.jpg 150w, https:\/\/masai-gym.com\/wp-content\/uploads\/2017\/01\/bill-300x300.jpg 300w, https:\/\/masai-gym.com\/wp-content\/uploads\/2017\/01\/bill.jpg 500w\" sizes=\"(max-width: 400px) 100vw, 400px\" \/><\/a><h5 class=\"cro_accent cro_galtitle\">Bill Seng<\/h5><p class=\"cro_teamdesc\"><\/p><div class=\"clarlabel\"><a href=\"https:\/\/masai-gym.com\/index.php\/members\/bill-seng\/\">Mehr Infos<\/a><\/div><\/div><div class=\"teamtable cro_eqheight\"><div class=\"teamtablehead\">Coach<\/div><div class=\"teamtablebody\">Jun Fan Gung Fu \/ Jeet Kune Do<\/div><\/div><\/li><\/ul>\n<h1><span style=\"color: #c61617;\"><strong>Jeet Kune Do<\/strong><\/span><\/h1>\n<p>Jun Fan Gung Fu \/ Jeet Kune Do ist eine vom als Filmstar bekannt gewordener Bruce Lee zwischen 1961-1973 entwickelte Kampfkunst zur realistischen waffenlosen Selbstverteidigung.<\/p>\n<p>Bruce Lee, der 4 Jahre Wing Chun direkt bei Gro\u00dfmeister Yip Man erlernte bevor er 1958 in die USA auswanderte, unterrichtete beginnend 1961 seinen eigenen Kampfkunstansatz an wenige ausgew\u00e4hlte Sch\u00fcler in insgesamt 3 Instituten sowie privat an Spitzensportler und Hollywood Stars.<br \/>\nZu den Prinzipien des Wing Chun erg\u00e4nzte Bruce Lee Einstellung und Trainingsmethoden des westlichen Boxens sowie Timing, Fu\u00dfarbeit und Taktiken des europ\u00e4ischen Fechtens.<\/p>\n<p>Im Masai Gym praktizieren wir \u201aklassisches\u2018 Jeet Kune Do.<br \/>\nDas bedeutet wir besch\u00e4ftigen uns mit den Methoden die tats\u00e4chlich direkt auf Bruce Lee zur\u00fcck gehen und pers\u00f6nlich von ihm unterrichtet wurden.<br \/>\nUnser Training entwickelt sich im wesentlichen um zwei Kerne, erstens \u201aBer\u00fchrung und Kontrolle\u2018 und zweitens \u201aDistanz, Timing und gebrochener Rhythmus\u2018.<br \/>\nEine Trainingseinheit besteht aus dem Angr\u00fcssen, einem Aufw\u00e4rmzirkel, gefolgt von Technik- und Anwendungstraining und wird mit einem Fitnesszirkel und dem Abgr\u00fcssen abgeschlossen.<\/p>\n<p>JFGF\/JKD ist f\u00fcr M\u00e4nner, Frauen und Kinder geeignet und verbessert Koordination, K\u00f6rpergef\u00fchl, Beweglichkeit, Schnellkraft, Ausdauer und das Selbstvertrauen.<\/p>\n<p>Der Instructor Wilfried Seng wurde von direkten Sch\u00fclern Bruce Lee\u2019s ausgebildet und zertifiziert und bildet sich mehrmals im Jahr bei seinen Trainern in den USA weiter.<\/p>\n<p>Wir freuen uns auf Euch und w\u00fcrden Euch gerne bei einem unverbindlichen kostenfreien Probetraining und Kennenlernen willkommen hei\u00dfen!<\/p>\n<p>\u201eJun Fan Gung Fu \/ Jeet Kune Do Wiesbaden\u201c ist ein eigenst\u00e4ndiger Verein und im Masai Gym Wiesbaden nur zur Untermieter. Der Verein tr\u00e4gt die alleinige Verantwortung f\u00fcr seine Trainer, Mitglieder und Trainingsgestaltung!<\/p>\n\r\n\r\n<div class=\"responsivewrap\">\r\n\t<ul class=\"responsivetimes\">\r\n\t\t<li><div class=\"responsive_singletitle\">Mittwoch<\/div><div class=\"responsive_singledesc\">Jeet Kune Do (Erwachsene)<br\/>20:30 - 22:00<\/div><\/li><li><div class=\"responsive_singletitle\">Samstag<\/div><div class=\"responsive_singledesc\">Jeet Kune Do (Erwachsene)<br\/>16:00 - 17:30<\/div><\/li>\t<\/ul>\r\n<\/div>\r\n\r\n<div class=\"cro_timetablewrap\">\r\n\t<ul class=\"cro_hourlines\">\r\n\t\t<li class=\"cro_hlines\">\r\n\t\t\t<ul class=\"cro_daylines clearfix\">\r\n\t\t\t\t\t\t\t<li class=\"cro_dlines cro_titlelines\">&nbsp;<\/li>\r\n\t\t\t\t\t\t\t<li class=\"cro_dlines cro_titlelines\">Montag<\/li>\r\n\t\t\t\t\t\t\t<li class=\"cro_dlines cro_titlelines\">Dienstag<\/li>\r\n\t\t\t\t\t\t\t<li class=\"cro_dlines cro_titlelines\">Mittwoch<\/li>\r\n\t\t\t\t\t\t\t<li class=\"cro_dlines cro_titlelines\">Donnerstag<\/li>\r\n\t\t\t\t\t\t\t<li class=\"cro_dlines cro_titlelines\">Freitag<\/li>\r\n\t\t\t\t\t\t\t<li class=\"cro_dlines cro_titlelines\">Samstag<\/li>\r\n\t\t\t\t\t\t\t<li class=\"cro_dlines cro_titlelines\">Sonntag<\/li>\r\n\t\t\t\t\t\t<\/ul>\r\n\t\t<\/li>\r\n\r\n\t \r\n\t\t<li class=\"cro_hlines\">\r\n\t\t\t<ul class=\"cro_daylines clearfix\">\r\n\t\t\t\t\t\t\t\t<!-- <pp cho sprintf(\"%02s\", $i); ?>:00 -->\r\n\t\t\t\t<li class=\"cro_dlines\">16:00 - 17:00<\/li>\r\n\t\t\t\t\t\t\t\t<li class=\"cro_dlines cro_emptytable\">&nbsp;<\/li>\r\n\t\t\t\t\t\t\t\t<li class=\"cro_dlines cro_emptytable\">&nbsp;<\/li>\r\n\t\t\t\t\t\t\t\t<li class=\"cro_dlines cro_emptytable\">&nbsp;<\/li>\r\n\t\t\t\t\t\t\t\t<li class=\"cro_dlines cro_emptytable\">&nbsp;<\/li>\r\n\t\t\t\t\t\t\t\t<li class=\"cro_dlines cro_emptytable\">&nbsp;<\/li>\r\n\t\t\t\t\t\t\t\t<li class=\"cro_dlines cro_timetableactive\">Jeet Kune Do (Erwachsene)<br\/>16:00 - 17:30<\/li>\r\n\t\t\t\t\t\t\t\t<li class=\"cro_dlines cro_emptytable\">&nbsp;<\/li>\r\n\t\t\t\t\t\t\t<\/ul>\r\n\t\t<\/li>\t\t\r\n\t \r\n\t\t<li class=\"cro_hlines\">\r\n\t\t\t<ul class=\"cro_daylines clearfix\">\r\n\t\t\t\t\t\t\t\t<!-- <pp cho sprintf(\"%02s\", $i); ?>:00 -->\r\n\t\t\t\t<li class=\"cro_dlines\">17:00 - 18:00<\/li>\r\n\t\t\t\t\t\t\t\t<li class=\"cro_dlines cro_emptytable\">&nbsp;<\/li>\r\n\t\t\t\t\t\t\t\t<li class=\"cro_dlines cro_emptytable\">&nbsp;<\/li>\r\n\t\t\t\t\t\t\t\t<li class=\"cro_dlines cro_emptytable\">&nbsp;<\/li>\r\n\t\t\t\t\t\t\t\t<li class=\"cro_dlines cro_emptytable\">&nbsp;<\/li>\r\n\t\t\t\t\t\t\t\t<li class=\"cro_dlines cro_emptytable\">&nbsp;<\/li>\r\n\t\t\t\t\t\t\t\t<li class=\"cro_dlines cro_emptytable\">&nbsp;<\/li>\r\n\t\t\t\t\t\t\t\t<li class=\"cro_dlines cro_emptytable\">&nbsp;<\/li>\r\n\t\t\t\t\t\t\t<\/ul>\r\n\t\t<\/li>\t\t\r\n\t \r\n\t\t<li class=\"cro_hlines\">\r\n\t\t\t<ul class=\"cro_daylines clearfix\">\r\n\t\t\t\t\t\t\t\t<!-- <pp cho sprintf(\"%02s\", $i); ?>:00 -->\r\n\t\t\t\t<li class=\"cro_dlines\">18:00 - 19:00<\/li>\r\n\t\t\t\t\t\t\t\t<li class=\"cro_dlines cro_emptytable\">&nbsp;<\/li>\r\n\t\t\t\t\t\t\t\t<li class=\"cro_dlines cro_emptytable\">&nbsp;<\/li>\r\n\t\t\t\t\t\t\t\t<li class=\"cro_dlines cro_emptytable\">&nbsp;<\/li>\r\n\t\t\t\t\t\t\t\t<li class=\"cro_dlines cro_emptytable\">&nbsp;<\/li>\r\n\t\t\t\t\t\t\t\t<li class=\"cro_dlines cro_emptytable\">&nbsp;<\/li>\r\n\t\t\t\t\t\t\t\t<li class=\"cro_dlines cro_emptytable\">&nbsp;<\/li>\r\n\t\t\t\t\t\t\t\t<li class=\"cro_dlines cro_emptytable\">&nbsp;<\/li>\r\n\t\t\t\t\t\t\t<\/ul>\r\n\t\t<\/li>\t\t\r\n\t \r\n\t\t<li class=\"cro_hlines\">\r\n\t\t\t<ul class=\"cro_daylines clearfix\">\r\n\t\t\t\t\t\t\t\t<!-- <pp cho sprintf(\"%02s\", $i); ?>:00 -->\r\n\t\t\t\t<li class=\"cro_dlines\">19:00 - 20:00<\/li>\r\n\t\t\t\t\t\t\t\t<li class=\"cro_dlines cro_emptytable\">&nbsp;<\/li>\r\n\t\t\t\t\t\t\t\t<li class=\"cro_dlines cro_emptytable\">&nbsp;<\/li>\r\n\t\t\t\t\t\t\t\t<li class=\"cro_dlines cro_emptytable\">&nbsp;<\/li>\r\n\t\t\t\t\t\t\t\t<li class=\"cro_dlines cro_emptytable\">&nbsp;<\/li>\r\n\t\t\t\t\t\t\t\t<li class=\"cro_dlines cro_emptytable\">&nbsp;<\/li>\r\n\t\t\t\t\t\t\t\t<li class=\"cro_dlines cro_emptytable\">&nbsp;<\/li>\r\n\t\t\t\t\t\t\t\t<li class=\"cro_dlines cro_emptytable\">&nbsp;<\/li>\r\n\t\t\t\t\t\t\t<\/ul>\r\n\t\t<\/li>\t\t\r\n\t \r\n\t\t<li class=\"cro_hlines\">\r\n\t\t\t<ul class=\"cro_daylines clearfix\">\r\n\t\t\t\t\t\t\t\t<!-- <pp cho sprintf(\"%02s\", $i); ?>:00 -->\r\n\t\t\t\t<li class=\"cro_dlines\">20:00 - 21:00<\/li>\r\n\t\t\t\t\t\t\t\t<li class=\"cro_dlines cro_emptytable\">&nbsp;<\/li>\r\n\t\t\t\t\t\t\t\t<li class=\"cro_dlines cro_emptytable\">&nbsp;<\/li>\r\n\t\t\t\t\t\t\t\t<li class=\"cro_dlines cro_timetableactive\">Jeet Kune Do (Erwachsene)<br\/>20:30 - 22:00<\/li>\r\n\t\t\t\t\t\t\t\t<li class=\"cro_dlines cro_emptytable\">&nbsp;<\/li>\r\n\t\t\t\t\t\t\t\t<li class=\"cro_dlines cro_emptytable\">&nbsp;<\/li>\r\n\t\t\t\t\t\t\t\t<li class=\"cro_dlines cro_emptytable\">&nbsp;<\/li>\r\n\t\t\t\t\t\t\t\t<li class=\"cro_dlines cro_emptytable\">&nbsp;<\/li>\r\n\t\t\t\t\t\t\t<\/ul>\r\n\t\t<\/li>\t\t\r\n\t \r\n\t\t<li class=\"cro_hlines\">\r\n\t\t\t<ul class=\"cro_daylines clearfix\">\r\n\t\t\t\t\t\t\t\t<!-- <pp cho sprintf(\"%02s\", $i); ?>:00 -->\r\n\t\t\t\t<li class=\"cro_dlines\">21:00 - 22:00<\/li>\r\n\t\t\t\t\t\t\t\t<li class=\"cro_dlines cro_emptytable\">&nbsp;<\/li>\r\n\t\t\t\t\t\t\t\t<li class=\"cro_dlines cro_emptytable\">&nbsp;<\/li>\r\n\t\t\t\t\t\t\t\t<li class=\"cro_dlines cro_timetableactive\">&nbsp;<\/li>\r\n\t\t\t\t\t\t\t\t<li class=\"cro_dlines cro_emptytable\">&nbsp;<\/li>\r\n\t\t\t\t\t\t\t\t<li class=\"cro_dlines cro_emptytable\">&nbsp;<\/li>\r\n\t\t\t\t\t\t\t\t<li class=\"cro_dlines cro_emptytable\">&nbsp;<\/li>\r\n\t\t\t\t\t\t\t\t<li class=\"cro_dlines cro_emptytable\">&nbsp;<\/li>\r\n\t\t\t\t\t\t\t<\/ul>\r\n\t\t<\/li>\t\t\r\n\t \r\n\t\t<li class=\"cro_hlines\">\r\n\t\t\t<ul class=\"cro_daylines clearfix\">\r\n\t\t\t\t\t\t\t\t<!-- <pp cho sprintf(\"%02s\", $i); ?>:00 -->\r\n\t\t\t\t<li class=\"cro_dlines\">22:00 - 23:00<\/li>\r\n\t\t\t\t\t\t\t\t<li class=\"cro_dlines cro_emptytable\">&nbsp;<\/li>\r\n\t\t\t\t\t\t\t\t<li class=\"cro_dlines cro_emptytable\">&nbsp;<\/li>\r\n\t\t\t\t\t\t\t\t<li class=\"cro_dlines cro_emptytable\">&nbsp;<\/li>\r\n\t\t\t\t\t\t\t\t<li class=\"cro_dlines cro_emptytable\">&nbsp;<\/li>\r\n\t\t\t\t\t\t\t\t<li class=\"cro_dlines cro_emptytable\">&nbsp;<\/li>\r\n\t\t\t\t\t\t\t\t<li class=\"cro_dlines cro_emptytable\">&nbsp;<\/li>\r\n\t\t\t\t\t\t\t\t<li class=\"cro_dlines cro_emptytable\">&nbsp;<\/li>\r\n\t\t\t\t\t\t\t<\/ul>\r\n\t\t<\/li>\t\t\r\n\t\r\n\t<\/ul>\r\n<\/div>\n","protected":false},"excerpt":{"rendered":"<p>Jeet Kune Do Jun Fan Gung Fu \/ Jeet Kune Do ist eine vom als Filmstar bekannt gewordener Bruce Lee zwischen 1961-1973 entwickelte Kampfkunst zur realistischen waffenlosen Selbstverteidigung. Bruce Lee, der 4 Jahre Wing Chun direkt bei Gro\u00dfmeister Yip Man erlernte bevor er 1958 in die USA auswanderte, unterrichtete beginnend 1961 seinen eigenen Kampfkunstansatz an&hellip;<\/p>\n","protected":false},"author":2,"featured_media":0,"parent":0,"menu_order":0,"comment_status":"closed","ping_status":"closed","template":"","meta":[],"_links":{"self":[{"href":"https:\/\/masai-gym.com\/index.php\/wp-json\/wp\/v2\/pages\/854"}],"collection":[{"href":"https:\/\/masai-gym.com\/index.php\/wp-json\/wp\/v2\/pages"}],"about":[{"href":"https:\/\/masai-gym.com\/index.php\/wp-json\/wp\/v2\/types\/page"}],"author":[{"embeddable":true,"href":"https:\/\/masai-gym.com\/index.php\/wp-json\/wp\/v2\/users\/2"}],"replies":[{"embeddable":true,"href":"https:\/\/masai-gym.com\/index.php\/wp-json\/wp\/v2\/comments?post=854"}],"version-history":[{"count":1,"href":"https:\/\/masai-gym.com\/index.php\/wp-json\/wp\/v2\/pages\/854\/revisions"}],"predecessor-version":[{"id":855,"href":"https:\/\/masai-gym.com\/index.php\/wp-json\/wp\/v2\/pages\/854\/revisions\/855"}],"wp:attachment":[{"href":"https:\/\/masai-gym.com\/index.php\/wp-json\/wp\/v2\/media?parent=854"}],"curies":[{"name":"wp","href":"https:\/\/api.w.org\/{rel}","templated":true}]}}